{"id":1206,"date":"2025-11-29T06:43:33","date_gmt":"2025-11-29T09:43:33","guid":{"rendered":"https:\/\/cortandoecosturando.com\/?page_id=1206"},"modified":"2025-12-15T08:47:10","modified_gmt":"2025-12-15T11:47:10","slug":"1206-2","status":"publish","type":"page","link":"https:\/\/cortandoecosturando.com\/","title":{"rendered":"Corte e Costura Sob Medida"},"content":{"rendered":"\n<figure class=\"wp-block-image aligncenter size-large is-resized\"><a href=\"https:\/\/cortandoecosturando.com\/index.php\/projeto-saia-pra-que-te-quero\/\" target=\"_blank\" rel=\"noreferrer noopener\"><img loading=\"lazy\" decoding=\"async\" width=\"1024\" height=\"512\" src=\"https:\/\/cortandoecosturando.com\/wp-content\/uploads\/2025\/11\/E-agora-1024x512.png\" alt=\"\" class=\"wp-image-3161\" style=\"width:768px;height:384px\" srcset=\"https:\/\/cortandoecosturando.com\/wp-content\/uploads\/2025\/11\/E-agora-1024x512.png 1024w, https:\/\/cortandoecosturando.com\/wp-content\/uploads\/2025\/11\/E-agora-300x150.png 300w, https:\/\/cortandoecosturando.com\/wp-content\/uploads\/2025\/11\/E-agora-768x384.png 768w, https:\/\/cortandoecosturando.com\/wp-content\/uploads\/2025\/11\/E-agora.png 1417w\" sizes=\"auto, (max-width: 1024px) 100vw, 1024px\" \/><\/a><\/figure>\n\n\n\n<p><\/p>\n\n\n\n<div class=\"wp-block-columns is-layout-flex wp-container-core-columns-is-layout-28f84493 wp-block-columns-is-layout-flex\">\n<div class=\"wp-block-column is-layout-flow wp-block-column-is-layout-flow\"><\/div>\n\n\n\n<div class=\"wp-block-column is-layout-flow wp-block-column-is-layout-flow\">\n<h5 class=\"wp-block-heading has-text-align-center\"><strong>Saia God\u00ea em Len\u00e7os<\/strong><\/h5>\n\n\n\n<figure class=\"wp-block-embed is-provider-youtube wp-block-embed-youtube\"><div class=\"wp-block-embed__wrapper\">\n<div class=\"ast-oembed-container\" style=\"height: 100%;\"><iframe loading=\"lazy\" title=\"Saia God\u00ea em Pontas\" width=\"422\" height=\"750\" src=\"https:\/\/www.youtube.com\/embed\/KA6Wp302FUs?feature=oembed\" frameborder=\"0\" allow=\"accelerometer; autoplay; clipboard-write; encrypted-media; gyroscope; picture-in-picture; web-share\" referrerpolicy=\"strict-origin-when-cross-origin\" allowfullscreen><\/iframe><\/div>\n<\/div><\/figure>\n<\/div>\n\n\n\n<div class=\"wp-block-column is-layout-flow wp-block-column-is-layout-flow\"><\/div>\n<\/div>\n\n\n<ul class=\"wp-block-latest-posts__list is-grid columns-3 wp-block-latest-posts\"><li><a class=\"wp-block-latest-posts__post-title\" href=\"https:\/\/cortandoecosturando.com\/index.php\/2026\/03\/19\/saia-gode-simples-meia-roda-e-gode-completo\/\">Saia God\u00ea Simples &#8211; Meia Roda e God\u00ea Completo<\/a><div class=\"wp-block-latest-posts__post-excerpt\">Saia God\u00ea Simples Saia God\u00ea Meia Roda e Completo<\/div><\/li>\n<li><a class=\"wp-block-latest-posts__post-title\" href=\"https:\/\/cortandoecosturando.com\/index.php\/2025\/12\/22\/trasnferencia-de-pences-1o-caso\/\">Trasnfer\u00eancia de Pences &#8211; 1o caso<\/a><div class=\"wp-block-latest-posts__post-excerpt\">O corpo feminino tem curvas e volumes que precisam de espa\u00e7o para um bom caimento. As pences existem para acomodar essas formas, mas n\u00e3o precisam ficar sempre no mesmo lugar. Elas podem ser manipuladas e transferidas para melhorar a est\u00e9tica do modelo. Aqui vou mostrar as principais possibilidades de transfer\u00eancia de pences. Nesse primeiro caso &hellip;<p class=\"read-more\"> <a class=\"\" href=\"https:\/\/cortandoecosturando.com\/index.php\/2025\/12\/22\/trasnferencia-de-pences-1o-caso\/\"> <span class=\"screen-reader-text\">Trasnfer\u00eancia de Pences &#8211; 1o caso<\/span> Leia mais &raquo;<\/a><\/p><\/div><\/li>\n<li><a class=\"wp-block-latest-posts__post-title\" href=\"https:\/\/cortandoecosturando.com\/index.php\/2025\/12\/03\/saia-evase\/\">Saia Evas\u00ea -Constru\u00e7\u00e3o do Evas\u00ea a partir da Base<\/a><div class=\"wp-block-latest-posts__post-excerpt\">Por lucia@abreu.eti.br \/ 30 de novembro de 2025 Para criar o evas\u00ea a partir da base de saia, come\u00e7amos manipulando a pence por meio do m\u00e9todo de rota\u00e7\u00e3o. Nesse processo, a pence da cintura \u00e9 transferida para a barra, formando uma abertura \u201ccamuflada\u201d: ela n\u00e3o aparece como uma nova pence, mas se transforma no volume &hellip;<p class=\"read-more\"> <a class=\"\" href=\"https:\/\/cortandoecosturando.com\/index.php\/2025\/12\/03\/saia-evase\/\"> <span class=\"screen-reader-text\">Saia Evas\u00ea -Constru\u00e7\u00e3o do Evas\u00ea a partir da Base<\/span> Leia mais &raquo;<\/a><\/p><\/div><\/li>\n<li><div class=\"wp-block-latest-posts__featured-image\"><img loading=\"lazy\" decoding=\"async\" width=\"150\" height=\"150\" src=\"https:\/\/cortandoecosturando.com\/wp-content\/uploads\/2025\/11\/levantandoatras-150x150.png\" class=\"attachment-thumbnail size-thumbnail wp-post-image\" alt=\"\" style=\"\" srcset=\"https:\/\/cortandoecosturando.com\/wp-content\/uploads\/2025\/11\/levantandoatras-150x150.png 150w, https:\/\/cortandoecosturando.com\/wp-content\/uploads\/2025\/11\/levantandoatras-300x300.png 300w, https:\/\/cortandoecosturando.com\/wp-content\/uploads\/2025\/11\/levantandoatras.png 709w\" sizes=\"auto, (max-width: 150px) 100vw, 150px\" \/><\/div><a class=\"wp-block-latest-posts__post-title\" href=\"https:\/\/cortandoecosturando.com\/index.php\/2025\/12\/01\/6-correcao-da-base-da-saia-spqtq\/\">6 &#8211; Corre\u00e7\u00e3o da Base da Saia &#8211; SPQTQ<\/a><div class=\"wp-block-latest-posts__post-excerpt\">N\u00e1degas salientes e altas Em pessoas com n\u00e1degas mais salientes e altas, \u00e9 comum que a saia levante na parte de tr\u00e1s, ficando mais curta do que na frente. Para corrigir esse problema, devemos realizar alguns ajustes na base, conforme as instru\u00e7\u00f5es a seguir. Passo 1 &#8211; Identiruque a diferen\u00e7a que precisa ser corrigida, me\u00e7a &hellip;<p class=\"read-more\"> <a class=\"\" href=\"https:\/\/cortandoecosturando.com\/index.php\/2025\/12\/01\/6-correcao-da-base-da-saia-spqtq\/\"> <span class=\"screen-reader-text\">6 &#8211; Corre\u00e7\u00e3o da Base da Saia &#8211; SPQTQ<\/span> Leia mais &raquo;<\/a><\/p><\/div><\/li>\n<li><div class=\"wp-block-latest-posts__featured-image\"><img loading=\"lazy\" decoding=\"async\" width=\"150\" height=\"150\" src=\"https:\/\/cortandoecosturando.com\/wp-content\/uploads\/2025\/11\/cinturaequadriliguais-150x150.png\" class=\"attachment-thumbnail size-thumbnail wp-post-image\" alt=\"\" style=\"\" srcset=\"https:\/\/cortandoecosturando.com\/wp-content\/uploads\/2025\/11\/cinturaequadriliguais-150x150.png 150w, https:\/\/cortandoecosturando.com\/wp-content\/uploads\/2025\/11\/cinturaequadriliguais-300x300.png 300w, https:\/\/cortandoecosturando.com\/wp-content\/uploads\/2025\/11\/cinturaequadriliguais.png 709w\" sizes=\"auto, (max-width: 150px) 100vw, 150px\" \/><\/div><a class=\"wp-block-latest-posts__post-title\" href=\"https:\/\/cortandoecosturando.com\/index.php\/2025\/11\/29\/6-base-da-saia-cintura-e-quadril-com-medidas-aproximadas-spqtq\/\">6 &#8211; Base da Saia &#8211; Cintura e Quadril com medidas aproximadas &#8211; SPQTQ<\/a><div class=\"wp-block-latest-posts__post-excerpt\">Quando a medida da cintura e do quadril \u00e9 muito pr\u00f3xima \u2014 ou at\u00e9 quando a cintura \u00e9 ligeiramente maior \u2014 vestir roupas prontas pode se tornar um desafio. Isso acontece porque a maioria das pe\u00e7as dispon\u00edveis no mercado \u00e9 criada pensando em um corpo com quadril mais largo que a cintura.Nesse formato corporal, o &hellip;<p class=\"read-more\"> <a class=\"\" href=\"https:\/\/cortandoecosturando.com\/index.php\/2025\/11\/29\/6-base-da-saia-cintura-e-quadril-com-medidas-aproximadas-spqtq\/\"> <span class=\"screen-reader-text\">6 &#8211; Base da Saia &#8211; Cintura e Quadril com medidas aproximadas &#8211; SPQTQ<\/span> Leia mais &raquo;<\/a><\/p><\/div><\/li>\n<\/ul>","protected":false},"excerpt":{"rendered":"<p>Saia God\u00ea em Len\u00e7os<\/p>\n","protected":false},"author":1,"featured_media":0,"parent":0,"menu_order":0,"comment_status":"closed","ping_status":"closed","template":"","meta":{"site-sidebar-layout":"default","site-content-layout":"default","ast-global-header-display":"","ast-banner-title-visibility":"","ast-main-header-display":"","ast-hfb-above-header-display":"","ast-hfb-below-header-display":"","ast-hfb-mobile-header-display":"","site-post-title":"","ast-breadcrumbs-content":"","ast-featured-img":"","footer-sml-layout":"","theme-transparent-header-meta":"","adv-header-id-meta":"","stick-header-meta":"","header-above-stick-meta":"","header-main-stick-meta":"","header-below-stick-meta":"","footnotes":""},"class_list":["post-1206","page","type-page","status-publish","hentry"],"_links":{"self":[{"href":"https:\/\/cortandoecosturando.com\/index.php\/wp-json\/wp\/v2\/pages\/1206","targetHints":{"allow":["GET"]}}],"collection":[{"href":"https:\/\/cortandoecosturando.com\/index.php\/wp-json\/wp\/v2\/pages"}],"about":[{"href":"https:\/\/cortandoecosturando.com\/index.php\/wp-json\/wp\/v2\/types\/page"}],"author":[{"embeddable":true,"href":"https:\/\/cortandoecosturando.com\/index.php\/wp-json\/wp\/v2\/users\/1"}],"replies":[{"embeddable":true,"href":"https:\/\/cortandoecosturando.com\/index.php\/wp-json\/wp\/v2\/comments?post=1206"}],"version-history":[{"count":117,"href":"https:\/\/cortandoecosturando.com\/index.php\/wp-json\/wp\/v2\/pages\/1206\/revisions"}],"predecessor-version":[{"id":3296,"href":"https:\/\/cortandoecosturando.com\/index.php\/wp-json\/wp\/v2\/pages\/1206\/revisions\/3296"}],"wp:attachment":[{"href":"https:\/\/cortandoecosturando.com\/index.php\/wp-json\/wp\/v2\/media?parent=1206"}],"curies":[{"name":"wp","href":"https:\/\/api.w.org\/{rel}","templated":true}]}}