{"id":397,"date":"2023-05-09T14:30:00","date_gmt":"2023-05-09T17:30:00","guid":{"rendered":"https:\/\/cortandoecosturando.com\/?page_id=397"},"modified":"2023-05-09T14:30:00","modified_gmt":"2023-05-09T17:30:00","slug":"malha-masculino","status":"publish","type":"page","link":"https:\/\/cortandoecosturando.com\/index.php\/malha-masculino\/","title":{"rendered":"Malha Masculino"},"content":{"rendered":"<ul class=\"wp-block-latest-posts__list wp-block-latest-posts\"><li><a class=\"wp-block-latest-posts__post-title\" href=\"https:\/\/cortandoecosturando.com\/index.php\/2023\/09\/02\/cueca-boxer\/\">Cueca Boxer<\/a><\/li>\n<li><a class=\"wp-block-latest-posts__post-title\" href=\"https:\/\/cortandoecosturando.com\/index.php\/2023\/05\/18\/basico-da-calca-em-malha-com-elastico-masculino\/\">B\u00c1SICO DA CAL\u00c7A EM MALHA -COM EL\u00c1STICO &#8211; MASCULINO<\/a><\/li>\n<li><a class=\"wp-block-latest-posts__post-title\" href=\"https:\/\/cortandoecosturando.com\/index.php\/2023\/05\/18\/manga-masculina-malha\/\">Manga Masculina &#8211; Malha<\/a><\/li>\n<li><a class=\"wp-block-latest-posts__post-title\" href=\"https:\/\/cortandoecosturando.com\/index.php\/2023\/05\/18\/camisa-malha-masculina\/\">Camisa Malha &#8211; Masculina<\/a><\/li>\n<li><a class=\"wp-block-latest-posts__post-title\" href=\"https:\/\/cortandoecosturando.com\/index.php\/2023\/05\/08\/319\/\">Molde Base Camisa de Malha Masculina<\/a><\/li>\n<\/ul>","protected":false},"excerpt":{"rendered":"","protected":false},"author":1,"featured_media":0,"parent":0,"menu_order":0,"comment_status":"closed","ping_status":"closed","template":"","meta":{"site-sidebar-layout":"default","site-content-layout":"default","ast-global-header-display":"","ast-banner-title-visibility":"","ast-main-header-display":"","ast-hfb-above-header-display":"","ast-hfb-below-header-display":"","ast-hfb-mobile-header-display":"","site-post-title":"","ast-breadcrumbs-content":"","ast-featured-img":"","footer-sml-layout":"","theme-transparent-header-meta":"","adv-header-id-meta":"","stick-header-meta":"","header-above-stick-meta":"","header-main-stick-meta":"","header-below-stick-meta":"","footnotes":""},"class_list":["post-397","page","type-page","status-publish","hentry"],"_links":{"self":[{"href":"https:\/\/cortandoecosturando.com\/index.php\/wp-json\/wp\/v2\/pages\/397","targetHints":{"allow":["GET"]}}],"collection":[{"href":"https:\/\/cortandoecosturando.com\/index.php\/wp-json\/wp\/v2\/pages"}],"about":[{"href":"https:\/\/cortandoecosturando.com\/index.php\/wp-json\/wp\/v2\/types\/page"}],"author":[{"embeddable":true,"href":"https:\/\/cortandoecosturando.com\/index.php\/wp-json\/wp\/v2\/users\/1"}],"replies":[{"embeddable":true,"href":"https:\/\/cortandoecosturando.com\/index.php\/wp-json\/wp\/v2\/comments?post=397"}],"version-history":[{"count":1,"href":"https:\/\/cortandoecosturando.com\/index.php\/wp-json\/wp\/v2\/pages\/397\/revisions"}],"predecessor-version":[{"id":398,"href":"https:\/\/cortandoecosturando.com\/index.php\/wp-json\/wp\/v2\/pages\/397\/revisions\/398"}],"wp:attachment":[{"href":"https:\/\/cortandoecosturando.com\/index.php\/wp-json\/wp\/v2\/media?parent=397"}],"curies":[{"name":"wp","href":"https:\/\/api.w.org\/{rel}","templated":true}]}}